{"id":3491,"date":"2022-01-21T15:40:53","date_gmt":"2022-01-21T14:40:53","guid":{"rendered":"https:\/\/skeliade.fr\/chiffres-utiles-2\/"},"modified":"2022-01-25T18:36:32","modified_gmt":"2022-01-25T17:36:32","slug":"le-coin-de-lexpert","status":"publish","type":"page","link":"https:\/\/skeliade.fr\/fr\/le-coin-de-lexpert\/","title":{"rendered":"Le coin de l&rsquo;expert"},"content":{"rendered":"\t\t<div data-elementor-type=\"wp-post\" data-elementor-id=\"3491\" class=\"elementor elementor-3491\">\n\t\t\t\t\t\t<section class=\"elementor-section elementor-top-section elementor-element elementor-element-d728475 elementor-section-full_width elementor-section-height-default elementor-section-height-default parallax_section_no qode_elementor_container_no\" data-id=\"d728475\" data-element_type=\"section\">\n\t\t\t\t\t\t<div class=\"elementor-container elementor-column-gap-wider\">\n\t\t\t\t\t<div class=\"elementor-column elementor-col-100 elementor-top-column elementor-element elementor-element-fa7a58d\" data-id=\"fa7a58d\" data-element_type=\"column\">\n\t\t\t<div class=\"elementor-widget-wrap\">\n\t\t\t\t\t\t\t<\/div>\n\t\t<\/div>\n\t\t\t\t\t<\/div>\n\t\t<\/section>\n\t\t\t\t<\/div>\n\t\t","protected":false},"excerpt":{"rendered":"","protected":false},"author":1,"featured_media":0,"parent":0,"menu_order":0,"comment_status":"closed","ping_status":"closed","template":"full_width.php","meta":{"footnotes":""},"yoast_head":"<!-- This site is optimized with the Yoast SEO Premium plugin v23.5 (Yoast SEO v23.5) - https:\/\/yoast.com\/wordpress\/plugins\/seo\/ -->\n<title>Le coin de l&#039;expert &#8226; Sk\u00e9liade<\/title>\n<meta name=\"description\" content=\"Des focus clairs et pr\u00e9cis sur des points de droit ou des pratiques pour s\u00e9curisez les d\u00e9cisions et les actions des entreprises et les guider dans l&#039;application de la r\u00e9glementation au quotidien.\" \/>\n<meta name=\"robots\" content=\"index, follow, max-snippet:-1, max-image-preview:large, max-video-preview:-1\" \/>\n<link rel=\"canonical\" href=\"https:\/\/skeliade.fr\/fr\/le-coin-de-lexpert\/\" \/>\n<meta property=\"og:locale\" content=\"fr_FR\" \/>\n<meta property=\"og:type\" content=\"article\" \/>\n<meta property=\"og:title\" content=\"Le coin de l&#039;expert\" \/>\n<meta property=\"og:description\" content=\"Des focus clairs et pr\u00e9cis sur des points de droit ou des pratiques pour s\u00e9curisez les d\u00e9cisions et les actions des entreprises et les guider dans l&#039;application de la r\u00e9glementation au quotidien.\" \/>\n<meta property=\"og:url\" content=\"https:\/\/skeliade.fr\/fr\/le-coin-de-lexpert\/\" \/>\n<meta property=\"og:site_name\" content=\"Sk\u00e9liade\" \/>\n<meta property=\"article:modified_time\" content=\"2022-01-25T17:36:32+00:00\" \/>\n<meta name=\"twitter:card\" content=\"summary_large_image\" \/>\n<meta name=\"twitter:label1\" content=\"Dur\u00e9e de lecture estim\u00e9e\" \/>\n\t<meta name=\"twitter:data1\" content=\"1 minute\" \/>\n<script type=\"application\/ld+json\" class=\"yoast-schema-graph\">{\"@context\":\"https:\/\/schema.org\",\"@graph\":[{\"@type\":\"WebPage\",\"@id\":\"https:\/\/skeliade.fr\/fr\/le-coin-de-lexpert\/\",\"url\":\"https:\/\/skeliade.fr\/fr\/le-coin-de-lexpert\/\",\"name\":\"Le coin de l'expert &#8226; Sk\u00e9liade\",\"isPartOf\":{\"@id\":\"\/#website\"},\"datePublished\":\"2022-01-21T14:40:53+00:00\",\"dateModified\":\"2022-01-25T17:36:32+00:00\",\"description\":\"Des focus clairs et pr\u00e9cis sur des points de droit ou des pratiques pour s\u00e9curisez les d\u00e9cisions et les actions des entreprises et les guider dans l'application de la r\u00e9glementation au quotidien.\",\"breadcrumb\":{\"@id\":\"https:\/\/skeliade.fr\/fr\/le-coin-de-lexpert\/#breadcrumb\"},\"inLanguage\":\"fr-FR\",\"potentialAction\":[{\"@type\":\"ReadAction\",\"target\":[\"https:\/\/skeliade.fr\/fr\/le-coin-de-lexpert\/\"]}]},{\"@type\":\"BreadcrumbList\",\"@id\":\"https:\/\/skeliade.fr\/fr\/le-coin-de-lexpert\/#breadcrumb\",\"itemListElement\":[{\"@type\":\"ListItem\",\"position\":1,\"name\":\"Home\",\"item\":\"https:\/\/skeliade.fr\/fr\/\"},{\"@type\":\"ListItem\",\"position\":2,\"name\":\"Le coin de l&rsquo;expert\"}]},{\"@type\":\"WebSite\",\"@id\":\"\/#website\",\"url\":\"\/\",\"name\":\"Sk\u00e9liade\",\"description\":\"Gestion externalis\u00e9e de la paie et du personnel\",\"publisher\":{\"@id\":\"\/#organization\"},\"potentialAction\":[{\"@type\":\"SearchAction\",\"target\":{\"@type\":\"EntryPoint\",\"urlTemplate\":\"\/?s={search_term_string}\"},\"query-input\":{\"@type\":\"PropertyValueSpecification\",\"valueRequired\":true,\"valueName\":\"search_term_string\"}}],\"inLanguage\":\"fr-FR\"},{\"@type\":\"Organization\",\"@id\":\"\/#organization\",\"name\":\"Sk\u00e9liade\",\"url\":\"\/\",\"logo\":{\"@type\":\"ImageObject\",\"inLanguage\":\"fr-FR\",\"@id\":\"\/#\/schema\/logo\/image\/\",\"url\":\"https:\/\/skeliade.fr\/wp-content\/uploads\/2021\/03\/SKELIADE_Logo.png\",\"contentUrl\":\"https:\/\/skeliade.fr\/wp-content\/uploads\/2021\/03\/SKELIADE_Logo.png\",\"width\":500,\"height\":156,\"caption\":\"Sk\u00e9liade\"},\"image\":{\"@id\":\"\/#\/schema\/logo\/image\/\"},\"sameAs\":[\"https:\/\/fr.linkedin.com\/company\/skeliade\"]}]}<\/script>\n<!-- \/ Yoast SEO Premium plugin. -->","yoast_head_json":{"title":"Le coin de l'expert &#8226; Sk\u00e9liade","description":"Des focus clairs et pr\u00e9cis sur des points de droit ou des pratiques pour s\u00e9curisez les d\u00e9cisions et les actions des entreprises et les guider dans l'application de la r\u00e9glementation au quotidien.","robots":{"index":"index","follow":"follow","max-snippet":"max-snippet:-1","max-image-preview":"max-image-preview:large","max-video-preview":"max-video-preview:-1"},"canonical":"https:\/\/skeliade.fr\/fr\/le-coin-de-lexpert\/","og_locale":"fr_FR","og_type":"article","og_title":"Le coin de l'expert","og_description":"Des focus clairs et pr\u00e9cis sur des points de droit ou des pratiques pour s\u00e9curisez les d\u00e9cisions et les actions des entreprises et les guider dans l'application de la r\u00e9glementation au quotidien.","og_url":"https:\/\/skeliade.fr\/fr\/le-coin-de-lexpert\/","og_site_name":"Sk\u00e9liade","article_modified_time":"2022-01-25T17:36:32+00:00","twitter_card":"summary_large_image","twitter_misc":{"Dur\u00e9e de lecture estim\u00e9e":"1 minute"},"schema":{"@context":"https:\/\/schema.org","@graph":[{"@type":"WebPage","@id":"https:\/\/skeliade.fr\/fr\/le-coin-de-lexpert\/","url":"https:\/\/skeliade.fr\/fr\/le-coin-de-lexpert\/","name":"Le coin de l'expert &#8226; Sk\u00e9liade","isPartOf":{"@id":"\/#website"},"datePublished":"2022-01-21T14:40:53+00:00","dateModified":"2022-01-25T17:36:32+00:00","description":"Des focus clairs et pr\u00e9cis sur des points de droit ou des pratiques pour s\u00e9curisez les d\u00e9cisions et les actions des entreprises et les guider dans l'application de la r\u00e9glementation au quotidien.","breadcrumb":{"@id":"https:\/\/skeliade.fr\/fr\/le-coin-de-lexpert\/#breadcrumb"},"inLanguage":"fr-FR","potentialAction":[{"@type":"ReadAction","target":["https:\/\/skeliade.fr\/fr\/le-coin-de-lexpert\/"]}]},{"@type":"BreadcrumbList","@id":"https:\/\/skeliade.fr\/fr\/le-coin-de-lexpert\/#breadcrumb","itemListElement":[{"@type":"ListItem","position":1,"name":"Home","item":"https:\/\/skeliade.fr\/fr\/"},{"@type":"ListItem","position":2,"name":"Le coin de l&rsquo;expert"}]},{"@type":"WebSite","@id":"\/#website","url":"\/","name":"Sk\u00e9liade","description":"Gestion externalis\u00e9e de la paie et du personnel","publisher":{"@id":"\/#organization"},"potentialAction":[{"@type":"SearchAction","target":{"@type":"EntryPoint","urlTemplate":"\/?s={search_term_string}"},"query-input":{"@type":"PropertyValueSpecification","valueRequired":true,"valueName":"search_term_string"}}],"inLanguage":"fr-FR"},{"@type":"Organization","@id":"\/#organization","name":"Sk\u00e9liade","url":"\/","logo":{"@type":"ImageObject","inLanguage":"fr-FR","@id":"\/#\/schema\/logo\/image\/","url":"https:\/\/skeliade.fr\/wp-content\/uploads\/2021\/03\/SKELIADE_Logo.png","contentUrl":"https:\/\/skeliade.fr\/wp-content\/uploads\/2021\/03\/SKELIADE_Logo.png","width":500,"height":156,"caption":"Sk\u00e9liade"},"image":{"@id":"\/#\/schema\/logo\/image\/"},"sameAs":["https:\/\/fr.linkedin.com\/company\/skeliade"]}]}},"_links":{"self":[{"href":"https:\/\/skeliade.fr\/fr\/wp-json\/wp\/v2\/pages\/3491"}],"collection":[{"href":"https:\/\/skeliade.fr\/fr\/wp-json\/wp\/v2\/pages"}],"about":[{"href":"https:\/\/skeliade.fr\/fr\/wp-json\/wp\/v2\/types\/page"}],"author":[{"embeddable":true,"href":"https:\/\/skeliade.fr\/fr\/wp-json\/wp\/v2\/users\/1"}],"replies":[{"embeddable":true,"href":"https:\/\/skeliade.fr\/fr\/wp-json\/wp\/v2\/comments?post=3491"}],"version-history":[{"count":10,"href":"https:\/\/skeliade.fr\/fr\/wp-json\/wp\/v2\/pages\/3491\/revisions"}],"predecessor-version":[{"id":3580,"href":"https:\/\/skeliade.fr\/fr\/wp-json\/wp\/v2\/pages\/3491\/revisions\/3580"}],"wp:attachment":[{"href":"https:\/\/skeliade.fr\/fr\/wp-json\/wp\/v2\/media?parent=3491"}],"curies":[{"name":"wp","href":"https:\/\/api.w.org\/{rel}","templated":true}]}}