{"id":2605,"date":"2021-12-13T18:24:59","date_gmt":"2021-12-13T17:24:59","guid":{"rendered":"https:\/\/skeliade.fr\/?page_id=2605"},"modified":"2022-10-10T18:17:40","modified_gmt":"2022-10-10T16:17:40","slug":"modeles","status":"publish","type":"page","link":"https:\/\/skeliade.fr\/fr\/modeles\/","title":{"rendered":"Mod\u00e8les"},"content":{"rendered":"\t\t<div data-elementor-type=\"wp-post\" data-elementor-id=\"2605\" class=\"elementor elementor-2605\">\n\t\t\t\t\t\t<section class=\"elementor-section elementor-top-section elementor-element elementor-element-d728475 elementor-section-full_width elementor-section-height-default elementor-section-height-default parallax_section_no qode_elementor_container_no\" data-id=\"d728475\" data-element_type=\"section\">\n\t\t\t\t\t\t<div class=\"elementor-container elementor-column-gap-wider\">\n\t\t\t\t\t<div class=\"elementor-column elementor-col-33 elementor-top-column elementor-element elementor-element-af557d5 elementor-invisible\" data-id=\"af557d5\" data-element_type=\"column\" data-settings=\"{&quot;animation&quot;:&quot;fadeIn&quot;}\">\n\t\t\t<div class=\"elementor-widget-wrap elementor-element-populated\">\n\t\t\t\t\t\t<div class=\"elementor-element elementor-element-9686ce1 elementor-widget elementor-widget-image\" data-id=\"9686ce1\" data-element_type=\"widget\" data-widget_type=\"image.default\">\n\t\t\t\t<div class=\"elementor-widget-container\">\n\t\t\t\t\t\t\t\t\t\t\t\t<figure class=\"wp-caption\">\n\t\t\t\t\t\t\t\t\t\t\t<a href=\"\/telechargez-le-modele-de-note-dinformation-pour-le-deblocage-exceptionnel-anticipe-epargne-salariale\/\">\n\t\t\t\t\t\t\t<img fetchpriority=\"high\" decoding=\"async\" width=\"500\" height=\"500\" src=\"https:\/\/skeliade.fr\/wp-content\/uploads\/2021\/12\/SKELIADE-Papier.jpg\" class=\"attachment-large size-large wp-image-2713\" alt=\"Modele document SKELIADE\" srcset=\"https:\/\/skeliade.fr\/wp-content\/uploads\/2021\/12\/SKELIADE-Papier.jpg 500w, https:\/\/skeliade.fr\/wp-content\/uploads\/2021\/12\/SKELIADE-Papier-300x300.jpg 300w, https:\/\/skeliade.fr\/wp-content\/uploads\/2021\/12\/SKELIADE-Papier-150x150.jpg 150w\" sizes=\"(max-width: 500px) 100vw, 500px\" \/>\t\t\t\t\t\t\t\t<\/a>\n\t\t\t\t\t\t\t\t\t\t\t<figcaption class=\"widget-image-caption wp-caption-text\">T\u00e9l\u00e9chargez le mod\u00e8le de note d'information pour le d\u00e9blocage exceptionnel anticip\u00e9 \u00e9pargne salariale<\/figcaption>\n\t\t\t\t\t\t\t\t\t\t<\/figure>\n\t\t\t\t\t\t\t\t\t<\/div>\n\t\t\t\t<\/div>\n\t\t\t\t\t<\/div>\n\t\t<\/div>\n\t\t\t\t<div class=\"elementor-column elementor-col-33 elementor-top-column elementor-element elementor-element-4356d28 elementor-invisible\" data-id=\"4356d28\" data-element_type=\"column\" data-settings=\"{&quot;animation&quot;:&quot;fadeIn&quot;}\">\n\t\t\t<div class=\"elementor-widget-wrap elementor-element-populated\">\n\t\t\t\t\t\t<div class=\"elementor-element elementor-element-aa9a422 elementor-widget elementor-widget-image\" data-id=\"aa9a422\" data-element_type=\"widget\" data-widget_type=\"image.default\">\n\t\t\t\t<div class=\"elementor-widget-container\">\n\t\t\t\t\t\t\t\t\t\t\t\t<figure class=\"wp-caption\">\n\t\t\t\t\t\t\t\t\t\t\t<a href=\"\/modele-due-ppv\/\">\n\t\t\t\t\t\t\t<img decoding=\"async\" width=\"500\" height=\"500\" src=\"https:\/\/skeliade.fr\/wp-content\/uploads\/2021\/12\/SKELIADE-Papier.jpg\" class=\"attachment-full size-full wp-image-2713\" alt=\"Modele document SKELIADE\" srcset=\"https:\/\/skeliade.fr\/wp-content\/uploads\/2021\/12\/SKELIADE-Papier.jpg 500w, https:\/\/skeliade.fr\/wp-content\/uploads\/2021\/12\/SKELIADE-Papier-300x300.jpg 300w, https:\/\/skeliade.fr\/wp-content\/uploads\/2021\/12\/SKELIADE-Papier-150x150.jpg 150w\" sizes=\"(max-width: 500px) 100vw, 500px\" \/>\t\t\t\t\t\t\t\t<\/a>\n\t\t\t\t\t\t\t\t\t\t\t<figcaption class=\"widget-image-caption wp-caption-text\">T\u00e9l\u00e9chargez le mod\u00e8le de d\u00e9cision unilat\u00e9rale de l'employeur relative \u00e0 la prime de partage de la valeur (PPV)<\/figcaption>\n\t\t\t\t\t\t\t\t\t\t<\/figure>\n\t\t\t\t\t\t\t\t\t<\/div>\n\t\t\t\t<\/div>\n\t\t\t\t\t<\/div>\n\t\t<\/div>\n\t\t\t\t<div class=\"elementor-column elementor-col-33 elementor-top-column elementor-element elementor-element-b4aedee elementor-invisible\" data-id=\"b4aedee\" data-element_type=\"column\" data-settings=\"{&quot;animation&quot;:&quot;fadeIn&quot;}\">\n\t\t\t<div class=\"elementor-widget-wrap\">\n\t\t\t\t\t\t\t<\/div>\n\t\t<\/div>\n\t\t\t\t\t<\/div>\n\t\t<\/section>\n\t\t\t\t<section class=\"elementor-section elementor-top-section elementor-element elementor-element-5f5cef7 elementor-section-full_width elementor-section-height-default elementor-section-height-default parallax_section_no qode_elementor_container_no\" data-id=\"5f5cef7\" data-element_type=\"section\">\n\t\t\t\t\t\t<div class=\"elementor-container elementor-column-gap-wider\">\n\t\t\t\t\t<div class=\"elementor-column elementor-col-33 elementor-top-column elementor-element elementor-element-d7560ba elementor-invisible\" data-id=\"d7560ba\" data-element_type=\"column\" data-settings=\"{&quot;animation&quot;:&quot;fadeIn&quot;}\">\n\t\t\t<div class=\"elementor-widget-wrap elementor-element-populated\">\n\t\t\t\t\t\t<div class=\"elementor-element elementor-element-c86914b elementor-widget elementor-widget-image\" data-id=\"c86914b\" data-element_type=\"widget\" data-widget_type=\"image.default\">\n\t\t\t\t<div class=\"elementor-widget-container\">\n\t\t\t\t\t\t\t\t\t\t\t\t<figure class=\"wp-caption\">\n\t\t\t\t\t\t\t\t\t\t\t<a href=\"\/la-prime-exceptionnelle-pouvoir-dachat-2021#duepepa\">\n\t\t\t\t\t\t\t<img fetchpriority=\"high\" decoding=\"async\" width=\"500\" height=\"500\" src=\"https:\/\/skeliade.fr\/wp-content\/uploads\/2021\/12\/SKELIADE-Papier.jpg\" class=\"attachment-large size-large wp-image-2713\" alt=\"Modele document SKELIADE\" srcset=\"https:\/\/skeliade.fr\/wp-content\/uploads\/2021\/12\/SKELIADE-Papier.jpg 500w, https:\/\/skeliade.fr\/wp-content\/uploads\/2021\/12\/SKELIADE-Papier-300x300.jpg 300w, https:\/\/skeliade.fr\/wp-content\/uploads\/2021\/12\/SKELIADE-Papier-150x150.jpg 150w\" sizes=\"(max-width: 500px) 100vw, 500px\" \/>\t\t\t\t\t\t\t\t<\/a>\n\t\t\t\t\t\t\t\t\t\t\t<figcaption class=\"widget-image-caption wp-caption-text\">T\u00e9l\u00e9charger le mod\u00e8le de DUE pour mise en place PEPA 2021<\/figcaption>\n\t\t\t\t\t\t\t\t\t\t<\/figure>\n\t\t\t\t\t\t\t\t\t<\/div>\n\t\t\t\t<\/div>\n\t\t\t\t\t<\/div>\n\t\t<\/div>\n\t\t\t\t<div class=\"elementor-column elementor-col-33 elementor-top-column elementor-element elementor-element-c9dcd26 elementor-invisible\" data-id=\"c9dcd26\" data-element_type=\"column\" data-settings=\"{&quot;animation&quot;:&quot;fadeIn&quot;}\">\n\t\t\t<div class=\"elementor-widget-wrap elementor-element-populated\">\n\t\t\t\t\t\t<div class=\"elementor-element elementor-element-5feedc5 elementor-widget elementor-widget-image\" data-id=\"5feedc5\" data-element_type=\"widget\" data-widget_type=\"image.default\">\n\t\t\t\t<div class=\"elementor-widget-container\">\n\t\t\t\t\t\t\t\t\t\t\t\t<figure class=\"wp-caption\">\n\t\t\t\t\t\t\t\t\t\t\t<a href=\"\/lindemnite-inflation-comment-ca-marche#indeminflation\">\n\t\t\t\t\t\t\t<img fetchpriority=\"high\" decoding=\"async\" width=\"500\" height=\"500\" src=\"https:\/\/skeliade.fr\/wp-content\/uploads\/2021\/12\/SKELIADE-Papier.jpg\" class=\"attachment-large size-large wp-image-2713\" alt=\"Modele document SKELIADE\" srcset=\"https:\/\/skeliade.fr\/wp-content\/uploads\/2021\/12\/SKELIADE-Papier.jpg 500w, https:\/\/skeliade.fr\/wp-content\/uploads\/2021\/12\/SKELIADE-Papier-300x300.jpg 300w, https:\/\/skeliade.fr\/wp-content\/uploads\/2021\/12\/SKELIADE-Papier-150x150.jpg 150w\" sizes=\"(max-width: 500px) 100vw, 500px\" \/>\t\t\t\t\t\t\t\t<\/a>\n\t\t\t\t\t\t\t\t\t\t\t<figcaption class=\"widget-image-caption wp-caption-text\">T\u00e9l\u00e9charger le mod\u00e8le d'attestation Indemnit\u00e9 Inflation<\/figcaption>\n\t\t\t\t\t\t\t\t\t\t<\/figure>\n\t\t\t\t\t\t\t\t\t<\/div>\n\t\t\t\t<\/div>\n\t\t\t\t\t<\/div>\n\t\t<\/div>\n\t\t\t\t<div class=\"elementor-column elementor-col-33 elementor-top-column elementor-element elementor-element-4e331df elementor-invisible\" data-id=\"4e331df\" data-element_type=\"column\" data-settings=\"{&quot;animation&quot;:&quot;fadeIn&quot;}\">\n\t\t\t<div class=\"elementor-widget-wrap elementor-element-populated\">\n\t\t\t\t\t\t<div class=\"elementor-element elementor-element-b1cde82 elementor-widget elementor-widget-image\" data-id=\"b1cde82\" data-element_type=\"widget\" data-widget_type=\"image.default\">\n\t\t\t\t<div class=\"elementor-widget-container\">\n\t\t\t\t\t\t\t\t\t\t\t\t<figure class=\"wp-caption\">\n\t\t\t\t\t\t\t\t\t\t\t<a href=\"\/actualite-covid-19#indemlegactpart\">\n\t\t\t\t\t\t\t<img fetchpriority=\"high\" decoding=\"async\" width=\"500\" height=\"500\" src=\"https:\/\/skeliade.fr\/wp-content\/uploads\/2021\/12\/SKELIADE-Papier.jpg\" class=\"attachment-large size-large wp-image-2713\" alt=\"Modele document SKELIADE\" srcset=\"https:\/\/skeliade.fr\/wp-content\/uploads\/2021\/12\/SKELIADE-Papier.jpg 500w, https:\/\/skeliade.fr\/wp-content\/uploads\/2021\/12\/SKELIADE-Papier-300x300.jpg 300w, https:\/\/skeliade.fr\/wp-content\/uploads\/2021\/12\/SKELIADE-Papier-150x150.jpg 150w\" sizes=\"(max-width: 500px) 100vw, 500px\" \/>\t\t\t\t\t\t\t\t<\/a>\n\t\t\t\t\t\t\t\t\t\t\t<figcaption class=\"widget-image-caption wp-caption-text\">T\u00e9l\u00e9charger le mod\u00e8le de DUE relative au versement d\u2019une indemnit\u00e9 compl\u00e9mentaire \u00e0 l\u2019indemnit\u00e9 l\u00e9gale d\u2019activit\u00e9 partielle<\/figcaption>\n\t\t\t\t\t\t\t\t\t\t<\/figure>\n\t\t\t\t\t\t\t\t\t<\/div>\n\t\t\t\t<\/div>\n\t\t\t\t\t<\/div>\n\t\t<\/div>\n\t\t\t\t\t<\/div>\n\t\t<\/section>\n\t\t\t\t<\/div>\n\t\t","protected":false},"excerpt":{"rendered":"<p>T\u00e9l\u00e9chargez le mod\u00e8le de note d&rsquo;information pour le d\u00e9blocage exceptionnel anticip\u00e9 \u00e9pargne salariale T\u00e9l\u00e9chargez le mod\u00e8le de d\u00e9cision unilat\u00e9rale de l&#8217;employeur relative \u00e0 la prime de partage de la valeur (PPV) T\u00e9l\u00e9charger le mod\u00e8le de DUE pour mise en place PEPA 2021 T\u00e9l\u00e9charger le mod\u00e8le&#8230;<\/p>\n","protected":false},"author":1,"featured_media":0,"parent":0,"menu_order":0,"comment_status":"closed","ping_status":"closed","template":"full_width.php","meta":{"footnotes":""},"yoast_head":"<!-- This site is optimized with the Yoast SEO Premium plugin v23.5 (Yoast SEO v23.5) - https:\/\/yoast.com\/wordpress\/plugins\/seo\/ -->\n<title>Mod\u00e8les &#8226; Sk\u00e9liade<\/title>\n<meta name=\"description\" content=\"Sk\u00e9liade vous propose de retrouver un mod\u00e8le de document pour chaque \u00e9v\u00e9nement qu&#039;un chef d&#039;entreprise peut rencontrer dans sa gestion de ses ressources humaines.\" \/>\n<meta name=\"robots\" content=\"index, follow, max-snippet:-1, max-image-preview:large, max-video-preview:-1\" \/>\n<link rel=\"canonical\" href=\"https:\/\/skeliade.fr\/fr\/modeles\/\" \/>\n<meta property=\"og:locale\" content=\"fr_FR\" \/>\n<meta property=\"og:type\" content=\"article\" \/>\n<meta property=\"og:title\" content=\"Mod\u00e8les\" \/>\n<meta property=\"og:description\" content=\"Sk\u00e9liade vous propose de retrouver un mod\u00e8le de document pour chaque \u00e9v\u00e9nement qu&#039;un chef d&#039;entreprise peut rencontrer dans sa gestion de ses ressources humaines.\" \/>\n<meta property=\"og:url\" content=\"https:\/\/skeliade.fr\/fr\/modeles\/\" \/>\n<meta property=\"og:site_name\" content=\"Sk\u00e9liade\" \/>\n<meta property=\"article:modified_time\" content=\"2022-10-10T16:17:40+00:00\" \/>\n<meta property=\"og:image\" content=\"https:\/\/skeliade.fr\/wp-content\/uploads\/2021\/12\/SKELIADE-Papier.jpg\" \/>\n<meta name=\"twitter:card\" content=\"summary_large_image\" \/>\n<meta name=\"twitter:label1\" content=\"Dur\u00e9e de lecture estim\u00e9e\" \/>\n\t<meta name=\"twitter:data1\" content=\"2 minutes\" \/>\n<script type=\"application\/ld+json\" class=\"yoast-schema-graph\">{\"@context\":\"https:\/\/schema.org\",\"@graph\":[{\"@type\":\"WebPage\",\"@id\":\"https:\/\/skeliade.fr\/fr\/modeles\/\",\"url\":\"https:\/\/skeliade.fr\/fr\/modeles\/\",\"name\":\"Mod\u00e8les &#8226; Sk\u00e9liade\",\"isPartOf\":{\"@id\":\"\/#website\"},\"primaryImageOfPage\":{\"@id\":\"https:\/\/skeliade.fr\/fr\/modeles\/#primaryimage\"},\"image\":{\"@id\":\"https:\/\/skeliade.fr\/fr\/modeles\/#primaryimage\"},\"thumbnailUrl\":\"https:\/\/skeliade.fr\/wp-content\/uploads\/2021\/12\/SKELIADE-Papier.jpg\",\"datePublished\":\"2021-12-13T17:24:59+00:00\",\"dateModified\":\"2022-10-10T16:17:40+00:00\",\"description\":\"Sk\u00e9liade vous propose de retrouver un mod\u00e8le de document pour chaque \u00e9v\u00e9nement qu'un chef d'entreprise peut rencontrer dans sa gestion de ses ressources humaines.\",\"breadcrumb\":{\"@id\":\"https:\/\/skeliade.fr\/fr\/modeles\/#breadcrumb\"},\"inLanguage\":\"fr-FR\",\"potentialAction\":[{\"@type\":\"ReadAction\",\"target\":[\"https:\/\/skeliade.fr\/fr\/modeles\/\"]}]},{\"@type\":\"ImageObject\",\"inLanguage\":\"fr-FR\",\"@id\":\"https:\/\/skeliade.fr\/fr\/modeles\/#primaryimage\",\"url\":\"https:\/\/skeliade.fr\/wp-content\/uploads\/2021\/12\/SKELIADE-Papier.jpg\",\"contentUrl\":\"https:\/\/skeliade.fr\/wp-content\/uploads\/2021\/12\/SKELIADE-Papier.jpg\"},{\"@type\":\"BreadcrumbList\",\"@id\":\"https:\/\/skeliade.fr\/fr\/modeles\/#breadcrumb\",\"itemListElement\":[{\"@type\":\"ListItem\",\"position\":1,\"name\":\"Home\",\"item\":\"https:\/\/skeliade.fr\/fr\/\"},{\"@type\":\"ListItem\",\"position\":2,\"name\":\"Mod\u00e8les\"}]},{\"@type\":\"WebSite\",\"@id\":\"\/#website\",\"url\":\"\/\",\"name\":\"Sk\u00e9liade\",\"description\":\"Gestion externalis\u00e9e de la paie et du personnel\",\"publisher\":{\"@id\":\"\/#organization\"},\"potentialAction\":[{\"@type\":\"SearchAction\",\"target\":{\"@type\":\"EntryPoint\",\"urlTemplate\":\"\/?s={search_term_string}\"},\"query-input\":{\"@type\":\"PropertyValueSpecification\",\"valueRequired\":true,\"valueName\":\"search_term_string\"}}],\"inLanguage\":\"fr-FR\"},{\"@type\":\"Organization\",\"@id\":\"\/#organization\",\"name\":\"Sk\u00e9liade\",\"url\":\"\/\",\"logo\":{\"@type\":\"ImageObject\",\"inLanguage\":\"fr-FR\",\"@id\":\"\/#\/schema\/logo\/image\/\",\"url\":\"https:\/\/skeliade.fr\/wp-content\/uploads\/2021\/03\/SKELIADE_Logo.png\",\"contentUrl\":\"https:\/\/skeliade.fr\/wp-content\/uploads\/2021\/03\/SKELIADE_Logo.png\",\"width\":500,\"height\":156,\"caption\":\"Sk\u00e9liade\"},\"image\":{\"@id\":\"\/#\/schema\/logo\/image\/\"},\"sameAs\":[\"https:\/\/fr.linkedin.com\/company\/skeliade\"]}]}<\/script>\n<!-- \/ Yoast SEO Premium plugin. -->","yoast_head_json":{"title":"Mod\u00e8les &#8226; Sk\u00e9liade","description":"Sk\u00e9liade vous propose de retrouver un mod\u00e8le de document pour chaque \u00e9v\u00e9nement qu'un chef d'entreprise peut rencontrer dans sa gestion de ses ressources humaines.","robots":{"index":"index","follow":"follow","max-snippet":"max-snippet:-1","max-image-preview":"max-image-preview:large","max-video-preview":"max-video-preview:-1"},"canonical":"https:\/\/skeliade.fr\/fr\/modeles\/","og_locale":"fr_FR","og_type":"article","og_title":"Mod\u00e8les","og_description":"Sk\u00e9liade vous propose de retrouver un mod\u00e8le de document pour chaque \u00e9v\u00e9nement qu'un chef d'entreprise peut rencontrer dans sa gestion de ses ressources humaines.","og_url":"https:\/\/skeliade.fr\/fr\/modeles\/","og_site_name":"Sk\u00e9liade","article_modified_time":"2022-10-10T16:17:40+00:00","og_image":[{"url":"https:\/\/skeliade.fr\/wp-content\/uploads\/2021\/12\/SKELIADE-Papier.jpg"}],"twitter_card":"summary_large_image","twitter_misc":{"Dur\u00e9e de lecture estim\u00e9e":"2 minutes"},"schema":{"@context":"https:\/\/schema.org","@graph":[{"@type":"WebPage","@id":"https:\/\/skeliade.fr\/fr\/modeles\/","url":"https:\/\/skeliade.fr\/fr\/modeles\/","name":"Mod\u00e8les &#8226; Sk\u00e9liade","isPartOf":{"@id":"\/#website"},"primaryImageOfPage":{"@id":"https:\/\/skeliade.fr\/fr\/modeles\/#primaryimage"},"image":{"@id":"https:\/\/skeliade.fr\/fr\/modeles\/#primaryimage"},"thumbnailUrl":"https:\/\/skeliade.fr\/wp-content\/uploads\/2021\/12\/SKELIADE-Papier.jpg","datePublished":"2021-12-13T17:24:59+00:00","dateModified":"2022-10-10T16:17:40+00:00","description":"Sk\u00e9liade vous propose de retrouver un mod\u00e8le de document pour chaque \u00e9v\u00e9nement qu'un chef d'entreprise peut rencontrer dans sa gestion de ses ressources humaines.","breadcrumb":{"@id":"https:\/\/skeliade.fr\/fr\/modeles\/#breadcrumb"},"inLanguage":"fr-FR","potentialAction":[{"@type":"ReadAction","target":["https:\/\/skeliade.fr\/fr\/modeles\/"]}]},{"@type":"ImageObject","inLanguage":"fr-FR","@id":"https:\/\/skeliade.fr\/fr\/modeles\/#primaryimage","url":"https:\/\/skeliade.fr\/wp-content\/uploads\/2021\/12\/SKELIADE-Papier.jpg","contentUrl":"https:\/\/skeliade.fr\/wp-content\/uploads\/2021\/12\/SKELIADE-Papier.jpg"},{"@type":"BreadcrumbList","@id":"https:\/\/skeliade.fr\/fr\/modeles\/#breadcrumb","itemListElement":[{"@type":"ListItem","position":1,"name":"Home","item":"https:\/\/skeliade.fr\/fr\/"},{"@type":"ListItem","position":2,"name":"Mod\u00e8les"}]},{"@type":"WebSite","@id":"\/#website","url":"\/","name":"Sk\u00e9liade","description":"Gestion externalis\u00e9e de la paie et du personnel","publisher":{"@id":"\/#organization"},"potentialAction":[{"@type":"SearchAction","target":{"@type":"EntryPoint","urlTemplate":"\/?s={search_term_string}"},"query-input":{"@type":"PropertyValueSpecification","valueRequired":true,"valueName":"search_term_string"}}],"inLanguage":"fr-FR"},{"@type":"Organization","@id":"\/#organization","name":"Sk\u00e9liade","url":"\/","logo":{"@type":"ImageObject","inLanguage":"fr-FR","@id":"\/#\/schema\/logo\/image\/","url":"https:\/\/skeliade.fr\/wp-content\/uploads\/2021\/03\/SKELIADE_Logo.png","contentUrl":"https:\/\/skeliade.fr\/wp-content\/uploads\/2021\/03\/SKELIADE_Logo.png","width":500,"height":156,"caption":"Sk\u00e9liade"},"image":{"@id":"\/#\/schema\/logo\/image\/"},"sameAs":["https:\/\/fr.linkedin.com\/company\/skeliade"]}]}},"_links":{"self":[{"href":"https:\/\/skeliade.fr\/fr\/wp-json\/wp\/v2\/pages\/2605"}],"collection":[{"href":"https:\/\/skeliade.fr\/fr\/wp-json\/wp\/v2\/pages"}],"about":[{"href":"https:\/\/skeliade.fr\/fr\/wp-json\/wp\/v2\/types\/page"}],"author":[{"embeddable":true,"href":"https:\/\/skeliade.fr\/fr\/wp-json\/wp\/v2\/users\/1"}],"replies":[{"embeddable":true,"href":"https:\/\/skeliade.fr\/fr\/wp-json\/wp\/v2\/comments?post=2605"}],"version-history":[{"count":49,"href":"https:\/\/skeliade.fr\/fr\/wp-json\/wp\/v2\/pages\/2605\/revisions"}],"predecessor-version":[{"id":4194,"href":"https:\/\/skeliade.fr\/fr\/wp-json\/wp\/v2\/pages\/2605\/revisions\/4194"}],"wp:attachment":[{"href":"https:\/\/skeliade.fr\/fr\/wp-json\/wp\/v2\/media?parent=2605"}],"curies":[{"name":"wp","href":"https:\/\/api.w.org\/{rel}","templated":true}]}}