{"id":2589,"date":"2021-12-13T18:08:09","date_gmt":"2021-12-13T17:08:09","guid":{"rendered":"https:\/\/skeliade.fr\/?page_id=2589"},"modified":"2021-12-14T10:04:42","modified_gmt":"2021-12-14T09:04:42","slug":"chiffres-utiles","status":"publish","type":"page","link":"https:\/\/skeliade.fr\/fr\/chiffres-utiles\/","title":{"rendered":"Chiffres utiles"},"content":{"rendered":"\t\t<div data-elementor-type=\"wp-post\" data-elementor-id=\"2589\" class=\"elementor elementor-2589\">\n\t\t\t\t\t\t<section class=\"elementor-section elementor-top-section elementor-element elementor-element-d728475 elementor-section-full_width elementor-section-height-default elementor-section-height-default parallax_section_no qode_elementor_container_no\" data-id=\"d728475\" data-element_type=\"section\">\n\t\t\t\t\t\t<div class=\"elementor-container elementor-column-gap-wider\">\n\t\t\t\t\t<div class=\"elementor-column elementor-col-100 elementor-top-column elementor-element elementor-element-fa7a58d\" data-id=\"fa7a58d\" data-element_type=\"column\">\n\t\t\t<div class=\"elementor-widget-wrap\">\n\t\t\t\t\t\t\t<\/div>\n\t\t<\/div>\n\t\t\t\t\t<\/div>\n\t\t<\/section>\n\t\t\t\t<\/div>\n\t\t","protected":false},"excerpt":{"rendered":"","protected":false},"author":1,"featured_media":0,"parent":0,"menu_order":0,"comment_status":"closed","ping_status":"closed","template":"full_width.php","meta":{"footnotes":""},"yoast_head":"<!-- This site is optimized with the Yoast SEO Premium plugin v23.5 (Yoast SEO v23.5) - https:\/\/yoast.com\/wordpress\/plugins\/seo\/ -->\n<title>Chiffres utiles &#8226; Sk\u00e9liade<\/title>\n<meta name=\"description\" content=\"Taux du Smic, plafond s\u00e9curit\u00e9 sociale, ch\u00e8ques cadeaux et tickets restaurant, limites d&#039;exon\u00e9ration pour les remboursements de frais, bar\u00e8me des avantages en nature... Retrouvez tous les bar\u00e8mes 2021 en un seul clic !\" \/>\n<meta name=\"robots\" content=\"index, follow, max-snippet:-1, max-image-preview:large, max-video-preview:-1\" \/>\n<link rel=\"canonical\" href=\"https:\/\/skeliade.fr\/fr\/chiffres-utiles\/\" \/>\n<meta property=\"og:locale\" content=\"fr_FR\" \/>\n<meta property=\"og:type\" content=\"article\" \/>\n<meta property=\"og:title\" content=\"Chiffres utiles\" \/>\n<meta property=\"og:description\" content=\"Taux du Smic, plafond s\u00e9curit\u00e9 sociale, ch\u00e8ques cadeaux et tickets restaurant, limites d&#039;exon\u00e9ration pour les remboursements de frais, bar\u00e8me des avantages en nature... Retrouvez tous les bar\u00e8mes 2021 en un seul clic !\" \/>\n<meta property=\"og:url\" content=\"https:\/\/skeliade.fr\/fr\/chiffres-utiles\/\" \/>\n<meta property=\"og:site_name\" content=\"Sk\u00e9liade\" \/>\n<meta property=\"article:modified_time\" content=\"2021-12-14T09:04:42+00:00\" \/>\n<meta name=\"twitter:card\" content=\"summary_large_image\" \/>\n<meta name=\"twitter:label1\" content=\"Dur\u00e9e de lecture estim\u00e9e\" \/>\n\t<meta name=\"twitter:data1\" content=\"1 minute\" \/>\n<script type=\"application\/ld+json\" class=\"yoast-schema-graph\">{\"@context\":\"https:\/\/schema.org\",\"@graph\":[{\"@type\":\"WebPage\",\"@id\":\"https:\/\/skeliade.fr\/fr\/chiffres-utiles\/\",\"url\":\"https:\/\/skeliade.fr\/fr\/chiffres-utiles\/\",\"name\":\"Chiffres utiles &#8226; Sk\u00e9liade\",\"isPartOf\":{\"@id\":\"\/#website\"},\"datePublished\":\"2021-12-13T17:08:09+00:00\",\"dateModified\":\"2021-12-14T09:04:42+00:00\",\"description\":\"Taux du Smic, plafond s\u00e9curit\u00e9 sociale, ch\u00e8ques cadeaux et tickets restaurant, limites d'exon\u00e9ration pour les remboursements de frais, bar\u00e8me des avantages en nature... Retrouvez tous les bar\u00e8mes 2021 en un seul clic !\",\"breadcrumb\":{\"@id\":\"https:\/\/skeliade.fr\/fr\/chiffres-utiles\/#breadcrumb\"},\"inLanguage\":\"fr-FR\",\"potentialAction\":[{\"@type\":\"ReadAction\",\"target\":[\"https:\/\/skeliade.fr\/fr\/chiffres-utiles\/\"]}]},{\"@type\":\"BreadcrumbList\",\"@id\":\"https:\/\/skeliade.fr\/fr\/chiffres-utiles\/#breadcrumb\",\"itemListElement\":[{\"@type\":\"ListItem\",\"position\":1,\"name\":\"Home\",\"item\":\"https:\/\/skeliade.fr\/fr\/\"},{\"@type\":\"ListItem\",\"position\":2,\"name\":\"Chiffres utiles\"}]},{\"@type\":\"WebSite\",\"@id\":\"\/#website\",\"url\":\"\/\",\"name\":\"Sk\u00e9liade\",\"description\":\"Gestion externalis\u00e9e de la paie et du personnel\",\"publisher\":{\"@id\":\"\/#organization\"},\"potentialAction\":[{\"@type\":\"SearchAction\",\"target\":{\"@type\":\"EntryPoint\",\"urlTemplate\":\"\/?s={search_term_string}\"},\"query-input\":{\"@type\":\"PropertyValueSpecification\",\"valueRequired\":true,\"valueName\":\"search_term_string\"}}],\"inLanguage\":\"fr-FR\"},{\"@type\":\"Organization\",\"@id\":\"\/#organization\",\"name\":\"Sk\u00e9liade\",\"url\":\"\/\",\"logo\":{\"@type\":\"ImageObject\",\"inLanguage\":\"fr-FR\",\"@id\":\"\/#\/schema\/logo\/image\/\",\"url\":\"https:\/\/skeliade.fr\/wp-content\/uploads\/2021\/03\/SKELIADE_Logo.png\",\"contentUrl\":\"https:\/\/skeliade.fr\/wp-content\/uploads\/2021\/03\/SKELIADE_Logo.png\",\"width\":500,\"height\":156,\"caption\":\"Sk\u00e9liade\"},\"image\":{\"@id\":\"\/#\/schema\/logo\/image\/\"},\"sameAs\":[\"https:\/\/fr.linkedin.com\/company\/skeliade\"]}]}<\/script>\n<!-- \/ Yoast SEO Premium plugin. -->","yoast_head_json":{"title":"Chiffres utiles &#8226; Sk\u00e9liade","description":"Taux du Smic, plafond s\u00e9curit\u00e9 sociale, ch\u00e8ques cadeaux et tickets restaurant, limites d'exon\u00e9ration pour les remboursements de frais, bar\u00e8me des avantages en nature... Retrouvez tous les bar\u00e8mes 2021 en un seul clic !","robots":{"index":"index","follow":"follow","max-snippet":"max-snippet:-1","max-image-preview":"max-image-preview:large","max-video-preview":"max-video-preview:-1"},"canonical":"https:\/\/skeliade.fr\/fr\/chiffres-utiles\/","og_locale":"fr_FR","og_type":"article","og_title":"Chiffres utiles","og_description":"Taux du Smic, plafond s\u00e9curit\u00e9 sociale, ch\u00e8ques cadeaux et tickets restaurant, limites d'exon\u00e9ration pour les remboursements de frais, bar\u00e8me des avantages en nature... Retrouvez tous les bar\u00e8mes 2021 en un seul clic !","og_url":"https:\/\/skeliade.fr\/fr\/chiffres-utiles\/","og_site_name":"Sk\u00e9liade","article_modified_time":"2021-12-14T09:04:42+00:00","twitter_card":"summary_large_image","twitter_misc":{"Dur\u00e9e de lecture estim\u00e9e":"1 minute"},"schema":{"@context":"https:\/\/schema.org","@graph":[{"@type":"WebPage","@id":"https:\/\/skeliade.fr\/fr\/chiffres-utiles\/","url":"https:\/\/skeliade.fr\/fr\/chiffres-utiles\/","name":"Chiffres utiles &#8226; Sk\u00e9liade","isPartOf":{"@id":"\/#website"},"datePublished":"2021-12-13T17:08:09+00:00","dateModified":"2021-12-14T09:04:42+00:00","description":"Taux du Smic, plafond s\u00e9curit\u00e9 sociale, ch\u00e8ques cadeaux et tickets restaurant, limites d'exon\u00e9ration pour les remboursements de frais, bar\u00e8me des avantages en nature... Retrouvez tous les bar\u00e8mes 2021 en un seul clic !","breadcrumb":{"@id":"https:\/\/skeliade.fr\/fr\/chiffres-utiles\/#breadcrumb"},"inLanguage":"fr-FR","potentialAction":[{"@type":"ReadAction","target":["https:\/\/skeliade.fr\/fr\/chiffres-utiles\/"]}]},{"@type":"BreadcrumbList","@id":"https:\/\/skeliade.fr\/fr\/chiffres-utiles\/#breadcrumb","itemListElement":[{"@type":"ListItem","position":1,"name":"Home","item":"https:\/\/skeliade.fr\/fr\/"},{"@type":"ListItem","position":2,"name":"Chiffres utiles"}]},{"@type":"WebSite","@id":"\/#website","url":"\/","name":"Sk\u00e9liade","description":"Gestion externalis\u00e9e de la paie et du personnel","publisher":{"@id":"\/#organization"},"potentialAction":[{"@type":"SearchAction","target":{"@type":"EntryPoint","urlTemplate":"\/?s={search_term_string}"},"query-input":{"@type":"PropertyValueSpecification","valueRequired":true,"valueName":"search_term_string"}}],"inLanguage":"fr-FR"},{"@type":"Organization","@id":"\/#organization","name":"Sk\u00e9liade","url":"\/","logo":{"@type":"ImageObject","inLanguage":"fr-FR","@id":"\/#\/schema\/logo\/image\/","url":"https:\/\/skeliade.fr\/wp-content\/uploads\/2021\/03\/SKELIADE_Logo.png","contentUrl":"https:\/\/skeliade.fr\/wp-content\/uploads\/2021\/03\/SKELIADE_Logo.png","width":500,"height":156,"caption":"Sk\u00e9liade"},"image":{"@id":"\/#\/schema\/logo\/image\/"},"sameAs":["https:\/\/fr.linkedin.com\/company\/skeliade"]}]}},"_links":{"self":[{"href":"https:\/\/skeliade.fr\/fr\/wp-json\/wp\/v2\/pages\/2589"}],"collection":[{"href":"https:\/\/skeliade.fr\/fr\/wp-json\/wp\/v2\/pages"}],"about":[{"href":"https:\/\/skeliade.fr\/fr\/wp-json\/wp\/v2\/types\/page"}],"author":[{"embeddable":true,"href":"https:\/\/skeliade.fr\/fr\/wp-json\/wp\/v2\/users\/1"}],"replies":[{"embeddable":true,"href":"https:\/\/skeliade.fr\/fr\/wp-json\/wp\/v2\/comments?post=2589"}],"version-history":[{"count":19,"href":"https:\/\/skeliade.fr\/fr\/wp-json\/wp\/v2\/pages\/2589\/revisions"}],"predecessor-version":[{"id":2659,"href":"https:\/\/skeliade.fr\/fr\/wp-json\/wp\/v2\/pages\/2589\/revisions\/2659"}],"wp:attachment":[{"href":"https:\/\/skeliade.fr\/fr\/wp-json\/wp\/v2\/media?parent=2589"}],"curies":[{"name":"wp","href":"https:\/\/api.w.org\/{rel}","templated":true}]}}