{"id":1772,"date":"2021-07-22T19:09:38","date_gmt":"2021-07-22T17:09:38","guid":{"rendered":"https:\/\/skeliade.fr\/?page_id=1772"},"modified":"2021-08-03T15:09:24","modified_gmt":"2021-08-03T13:09:24","slug":"ressources-humaines","status":"publish","type":"page","link":"https:\/\/skeliade.fr\/fr\/ressources-humaines\/","title":{"rendered":"Ressources Humaines"},"content":{"rendered":"\t\t<div data-elementor-type=\"wp-post\" data-elementor-id=\"1772\" class=\"elementor elementor-1772\">\n\t\t\t\t\t\t<section class=\"elementor-section elementor-top-section elementor-element elementor-element-8c627cb elementor-section-full_width elementor-section-content-middle elementor-section-height-default elementor-section-height-default parallax_section_no qode_elementor_container_no\" data-id=\"8c627cb\" data-element_type=\"section\">\n\t\t\t\t\t\t<div class=\"elementor-container elementor-column-gap-default\">\n\t\t\t\t\t<div class=\"elementor-column elementor-col-50 elementor-top-column elementor-element elementor-element-3e84338\" data-id=\"3e84338\" data-element_type=\"column\">\n\t\t\t<div class=\"elementor-widget-wrap elementor-element-populated\">\n\t\t\t\t\t\t<div class=\"elementor-element elementor-element-cc41655 elementor-widget elementor-widget-image\" data-id=\"cc41655\" data-element_type=\"widget\" data-widget_type=\"image.default\">\n\t\t\t\t<div class=\"elementor-widget-container\">\n\t\t\t\t\t\t\t\t\t\t\t\t\t\t\t<img fetchpriority=\"high\" decoding=\"async\" width=\"719\" height=\"763\" src=\"https:\/\/skeliade.fr\/wp-content\/uploads\/2021\/07\/Ressource-Humaine.jpg\" class=\"attachment-full size-full wp-image-1798\" alt=\"\" srcset=\"https:\/\/skeliade.fr\/wp-content\/uploads\/2021\/07\/Ressource-Humaine.jpg 719w, https:\/\/skeliade.fr\/wp-content\/uploads\/2021\/07\/Ressource-Humaine-283x300.jpg 283w, https:\/\/skeliade.fr\/wp-content\/uploads\/2021\/07\/Ressource-Humaine-700x743.jpg 700w\" sizes=\"(max-width: 719px) 100vw, 719px\" \/>\t\t\t\t\t\t\t\t\t\t\t\t\t\t\t<\/div>\n\t\t\t\t<\/div>\n\t\t\t\t\t<\/div>\n\t\t<\/div>\n\t\t\t\t<div class=\"elementor-column elementor-col-50 elementor-top-column elementor-element elementor-element-ededf6f\" data-id=\"ededf6f\" data-element_type=\"column\">\n\t\t\t<div class=\"elementor-widget-wrap elementor-element-populated\">\n\t\t\t\t\t\t<div class=\"elementor-element elementor-element-eca80ed elementor-widget elementor-widget-heading\" data-id=\"eca80ed\" data-element_type=\"widget\" data-widget_type=\"heading.default\">\n\t\t\t\t<div class=\"elementor-widget-container\">\n\t\t\t\t\t<h2 class=\"elementor-heading-title elementor-size-default\">Gestion et d\u00e9veloppement des Ressources Humaines<br \/>\nProfessionnalisation de la fonction R.H.<\/h2>\t\t\t\t<\/div>\n\t\t\t\t<\/div>\n\t\t\t\t<div class=\"elementor-element elementor-element-cf5241a elementor-widget elementor-widget-spacer\" data-id=\"cf5241a\" data-element_type=\"widget\" data-widget_type=\"spacer.default\">\n\t\t\t\t<div class=\"elementor-widget-container\">\n\t\t\t\t\t\t\t<div class=\"elementor-spacer\">\n\t\t\t<div class=\"elementor-spacer-inner\"><\/div>\n\t\t<\/div>\n\t\t\t\t\t\t<\/div>\n\t\t\t\t<\/div>\n\t\t\t\t<div class=\"elementor-element elementor-element-e21d1ef elementor-widget elementor-widget-text-editor\" data-id=\"e21d1ef\" data-element_type=\"widget\" data-widget_type=\"text-editor.default\">\n\t\t\t\t<div class=\"elementor-widget-container\">\n\t\t\t\t\t\t\t\t\t<p><strong>NOTRE APPROCHE<\/strong><\/p><ul style=\"padding-left: 35px;\"><li>Aider nos clients \u00e0 d\u00e9velopper et optimiser leur entreprise\u00a0en liant performance sociale et performance globale<\/li><li>Apporter \u00e0 nos clients une expertise forte, une approche op\u00e9rationnelle et p\u00e9dagogique, des solutions constructives et adapt\u00e9es en termes de temps et de co\u00fbt<\/li><li>Rechercher toujours l\u2019\u00e9quilibre entre s\u00e9curit\u00e9 et efficacit\u00e9, entre l\u2019int\u00e9r\u00eat de l\u2019entreprise et le respect de l\u2019individu, entre la n\u00e9cessit\u00e9 d\u2019\u00eatre productif et celle de maintenir la coh\u00e9sion sociale.<\/li><\/ul>\t\t\t\t\t\t\t\t<\/div>\n\t\t\t\t<\/div>\n\t\t\t\t<div class=\"elementor-element elementor-element-fd25456 elementor-widget elementor-widget-text-editor\" data-id=\"fd25456\" data-element_type=\"widget\" data-widget_type=\"text-editor.default\">\n\t\t\t\t<div class=\"elementor-widget-container\">\n\t\t\t\t\t\t\t\t\t<strong>NOS MODALITES D\u2019INTERVENTIONS<\/strong>\n\n<strong>\u00a0<\/strong>\n<ul style=\"padding-left:35px;\">\n \t<li>L\u2019accompagnement op\u00e9rationnel sous forme d\u2019un abonnement mensuel, au \u00ab\u00a0coup par coup\u00a0\u00bb, ponctuellement sur des th\u00e8mes sp\u00e9cifiques<\/li>\n \t<li>Le conseil sous forme de missions comportant une phase de diagnostic, une phase de pr\u00e9conisations et une phase de mise en \u0153uvre.<\/li>\n<\/ul>\t\t\t\t\t\t\t\t<\/div>\n\t\t\t\t<\/div>\n\t\t\t\t<div class=\"elementor-element elementor-element-df49fbf elementor-widget elementor-widget-spacer\" data-id=\"df49fbf\" data-element_type=\"widget\" data-widget_type=\"spacer.default\">\n\t\t\t\t<div class=\"elementor-widget-container\">\n\t\t\t\t\t\t\t<div class=\"elementor-spacer\">\n\t\t\t<div class=\"elementor-spacer-inner\"><\/div>\n\t\t<\/div>\n\t\t\t\t\t\t<\/div>\n\t\t\t\t<\/div>\n\t\t\t\t\t<\/div>\n\t\t<\/div>\n\t\t\t\t\t<\/div>\n\t\t<\/section>\n\t\t\t\t<section class=\"elementor-section elementor-top-section elementor-element elementor-element-c802747 elementor-section-full_width elementor-section-height-default elementor-section-height-default parallax_section_no qode_elementor_container_no\" data-id=\"c802747\" data-element_type=\"section\">\n\t\t\t\t\t\t<div class=\"elementor-container elementor-column-gap-default\">\n\t\t\t\t\t<div class=\"elementor-column elementor-col-100 elementor-top-column elementor-element elementor-element-45bd227\" data-id=\"45bd227\" data-element_type=\"column\">\n\t\t\t<div class=\"elementor-widget-wrap elementor-element-populated\">\n\t\t\t\t\t\t<div class=\"elementor-element elementor-element-a304776 elementor-widget elementor-widget-heading\" data-id=\"a304776\" data-element_type=\"widget\" data-widget_type=\"heading.default\">\n\t\t\t\t<div class=\"elementor-widget-container\">\n\t\t\t\t\t<h2 class=\"elementor-heading-title elementor-size-default\">Nos prestations<\/h2>\t\t\t\t<\/div>\n\t\t\t\t<\/div>\n\t\t\t\t<div class=\"elementor-element elementor-element-eebc718 elementor-widget elementor-widget-spacer\" data-id=\"eebc718\" data-element_type=\"widget\" data-widget_type=\"spacer.default\">\n\t\t\t\t<div class=\"elementor-widget-container\">\n\t\t\t\t\t\t\t<div class=\"elementor-spacer\">\n\t\t\t<div class=\"elementor-spacer-inner\"><\/div>\n\t\t<\/div>\n\t\t\t\t\t\t<\/div>\n\t\t\t\t<\/div>\n\t\t\t\t<div class=\"elementor-element elementor-element-6d7d142 elementor-tabs-view-horizontal elementor-widget elementor-widget-tabs\" data-id=\"6d7d142\" data-element_type=\"widget\" data-widget_type=\"tabs.default\">\n\t\t\t\t<div class=\"elementor-widget-container\">\n\t\t\t\t\t\t\t<div class=\"elementor-tabs\">\n\t\t\t<div class=\"elementor-tabs-wrapper\" role=\"tablist\" >\n\t\t\t\t\t\t\t\t\t<div id=\"elementor-tab-title-1141\" class=\"elementor-tab-title elementor-tab-desktop-title\" aria-selected=\"true\" data-tab=\"1\" role=\"tab\" tabindex=\"0\" aria-controls=\"elementor-tab-content-1141\" aria-expanded=\"false\">Gestion du personnel \"au quotidien\"<\/div>\n\t\t\t\t\t\t\t\t\t<div id=\"elementor-tab-title-1142\" class=\"elementor-tab-title elementor-tab-desktop-title\" aria-selected=\"false\" data-tab=\"2\" role=\"tab\" tabindex=\"-1\" aria-controls=\"elementor-tab-content-1142\" aria-expanded=\"false\">D\u00e9veloppement du capital humain<\/div>\n\t\t\t\t\t\t\t\t\t<div id=\"elementor-tab-title-1143\" class=\"elementor-tab-title elementor-tab-desktop-title\" aria-selected=\"false\" data-tab=\"3\" role=\"tab\" tabindex=\"-1\" aria-controls=\"elementor-tab-content-1143\" aria-expanded=\"false\">Audit social de conformit\u00e9<\/div>\n\t\t\t\t\t\t\t<\/div>\n\t\t\t<div class=\"elementor-tabs-content-wrapper\" role=\"tablist\" aria-orientation=\"vertical\">\n\t\t\t\t\t\t\t\t\t<div class=\"elementor-tab-title elementor-tab-mobile-title\" aria-selected=\"true\" data-tab=\"1\" role=\"tab\" tabindex=\"0\" aria-controls=\"elementor-tab-content-1141\" aria-expanded=\"false\">Gestion du personnel \"au quotidien\"<\/div>\n\t\t\t\t\t<div id=\"elementor-tab-content-1141\" class=\"elementor-tab-content elementor-clearfix\" data-tab=\"1\" role=\"tabpanel\" aria-labelledby=\"elementor-tab-title-1141\" tabindex=\"0\" hidden=\"false\"><p><strong>Objectif\u00a0: <\/strong>mettre votre entreprise en conformit\u00e9 avec ses obligations l\u00e9gales, minimiser les risques financiers et p\u00e9naux pour l\u2019entreprise et ses dirigeants, favoriser un climat de confiance, am\u00e9liorer le management<\/p><p><strong>\u00a0<\/strong><\/p><p><strong>&gt;&gt; S\u2019assurer du respect des obligations l\u00e9gales<\/strong><\/p><p>La l\u00e9gislation \u00e9volue sans cesse et les obligations sont de plus en plus nombreuses\u00a0; le respect des obligations l\u00e9gales est <strong><u>le<\/u><\/strong> <strong><u>pr\u00e9alable<\/u><\/strong> \u00e0 une gestion sociale performante.<\/p><p>Nous intervenons sur tout le spectre des obligations\u00a0: affichage, entretiens, instances repr\u00e9sentatives, temps de travail, r\u00e8glement int\u00e9rieur \u2026.<\/p><p><strong>&gt;&gt; S\u00e9curiser et fluidifier les relations individuelles du travail<\/strong><\/p><p>De l\u2019\u00e9laboration du contrat au terme de celui-ci, nous intervenons dans les diff\u00e9rentes \u00e9tapes de la vie du collaborateur pour que la relation de travail se d\u00e9roule dans un climat sain et clair et pour am\u00e9liorer la capacit\u00e9 d\u2019action des managers.<\/p><\/div>\n\t\t\t\t\t\t\t\t\t<div class=\"elementor-tab-title elementor-tab-mobile-title\" aria-selected=\"false\" data-tab=\"2\" role=\"tab\" tabindex=\"-1\" aria-controls=\"elementor-tab-content-1142\" aria-expanded=\"false\">D\u00e9veloppement du capital humain<\/div>\n\t\t\t\t\t<div id=\"elementor-tab-content-1142\" class=\"elementor-tab-content elementor-clearfix\" data-tab=\"2\" role=\"tabpanel\" aria-labelledby=\"elementor-tab-title-1142\" tabindex=\"0\" hidden=\"hidden\"><p><strong>Objectif\u00a0: <\/strong> am\u00e9liorer la performance sociale et globale, favoriser la coh\u00e9sion sociale\u00a0et la solidarit\u00e9, d\u00e9velopper l\u2019initiative, la responsabilit\u00e9, partager la vision et les valeurs de l\u2019entreprise<\/p><p>\u00a0<\/p><p><strong>&gt;&gt; Fid\u00e9liser et motiver<\/strong><\/p><ul><li>Mener une politique de r\u00e9mun\u00e9ration coh\u00e9rente et motivante<\/li><li>Manager la performance individuelle et collective<\/li><li>Am\u00e9liorer l\u2019organisation\u00a0: favoriser le travailler ensemble\u00a0en clarifiant les r\u00f4les et les responsabilit\u00e9s<\/li><\/ul><p>\u00a0<\/p><p><strong>&gt;&gt; Am\u00e9liorer le dialogue social et la communication<\/strong><\/p><ul><li>Faire vivre la communication interne pour am\u00e9liorer la convivialit\u00e9, donner du sens, favoriser le travail collaboratif<\/li><li>S\u00e9curiser et optimiser les relations avec le CSE pour un dialogue social constructif<\/li><\/ul><\/div>\n\t\t\t\t\t\t\t\t\t<div class=\"elementor-tab-title elementor-tab-mobile-title\" aria-selected=\"false\" data-tab=\"3\" role=\"tab\" tabindex=\"-1\" aria-controls=\"elementor-tab-content-1143\" aria-expanded=\"false\">Audit social de conformit\u00e9<\/div>\n\t\t\t\t\t<div id=\"elementor-tab-content-1143\" class=\"elementor-tab-content elementor-clearfix\" data-tab=\"3\" role=\"tabpanel\" aria-labelledby=\"elementor-tab-title-1143\" tabindex=\"0\" hidden=\"hidden\"><p><strong>Objectif\u00a0: <\/strong>\u00e9valuer la conformit\u00e9 des pratiques internes \u00e0 l\u2019entreprise par rapport \u00e0 des r\u00e9f\u00e9rentiels normatifs ext\u00e9rieurs\u00a0: droit du travail, conventions collectives, accords d\u2019entreprise\u00a0; d\u00e9terminer les risques et leurs r\u00e9percussions financi\u00e8res, sociales et \u00e9ventuellement p\u00e9nales\u00a0; am\u00e9liorer la s\u00e9curit\u00e9 de l\u2019entreprise et son image vis-\u00e0-vis des tiers, des salari\u00e9s et des repr\u00e9sentants du personnel.<\/p><p>\u00a0<\/p><p><strong>L\u2019audit se d\u00e9roule via un programme d\u2019audit qui permet une restitution rapide et document\u00e9e.<\/strong><\/p><p>Les points audit\u00e9s\u00a0:<\/p><ul style=\"padding-left: 35px;\"><li>Conventions collectives, accords collectifs, usages, engagements unilat\u00e9raux<\/li><li>Relations individuelles et contrats de travail<\/li><li>Dur\u00e9e et am\u00e9nagement du travail<\/li><li>Syst\u00e8me de r\u00e9mun\u00e9ration appliqu\u00e9 et avantages li\u00e9s<\/li><li>Couverture retraite, pr\u00e9voyance, compl\u00e9mentaire sant\u00e9<\/li><li>Cas sp\u00e9cifique des dirigeants d\u2019entreprise<\/li><li>Affichages<\/li><li>R\u00e8glement int\u00e9rieur<\/li><li>Pratiques RH\u00a0: entretiens, objectifs, formation<\/li><li>Hygi\u00e8ne et s\u00e9curit\u00e9<\/li><li>Repr\u00e9sentation du personnel<\/li><\/ul><\/div>\n\t\t\t\t\t\t\t<\/div>\n\t\t<\/div>\n\t\t\t\t\t\t<\/div>\n\t\t\t\t<\/div>\n\t\t\t\t\t<\/div>\n\t\t<\/div>\n\t\t\t\t\t<\/div>\n\t\t<\/section>\n\t\t\t\t<\/div>\n\t\t","protected":false},"excerpt":{"rendered":"<p>Gestion et d\u00e9veloppement des Ressources Humaines Professionnalisation de la fonction R.H. NOTRE APPROCHE Aider nos clients \u00e0 d\u00e9velopper et optimiser leur entreprise\u00a0en liant performance sociale et performance globale Apporter \u00e0 nos clients une expertise forte, une approche op\u00e9rationnelle et p\u00e9dagogique, des solutions constructives et adapt\u00e9es&#8230;<\/p>\n","protected":false},"author":1,"featured_media":0,"parent":0,"menu_order":0,"comment_status":"closed","ping_status":"closed","template":"full_width.php","meta":{"footnotes":""},"yoast_head":"<!-- This site is optimized with the Yoast SEO Premium plugin v23.5 (Yoast SEO v23.5) - https:\/\/yoast.com\/wordpress\/plugins\/seo\/ -->\n<title>Gestion des Ressources Humaines &#8226; Sk\u00e9liade<\/title>\n<meta name=\"description\" content=\"Nous nous engageons \u00e0 vos c\u00f4t\u00e9s pour booster vos pratiques R.H. Notre approche est r\u00e9solument op\u00e9rationnelle et p\u00e9dagogique. Vous souhaitez faire de votre r\u00e8glement int\u00e9rieur un outil efficace, auditer vos pratiques ou tout simplement \u00eatre accompagn\u00e9 au quotidien ?\" \/>\n<meta name=\"robots\" content=\"index, follow, max-snippet:-1, max-image-preview:large, max-video-preview:-1\" \/>\n<link rel=\"canonical\" href=\"https:\/\/skeliade.fr\/fr\/ressources-humaines\/\" \/>\n<meta property=\"og:locale\" content=\"fr_FR\" \/>\n<meta property=\"og:type\" content=\"article\" \/>\n<meta property=\"og:title\" content=\"Ressources Humaines\" \/>\n<meta property=\"og:description\" content=\"Nous nous engageons \u00e0 vos c\u00f4t\u00e9s pour booster vos pratiques R.H. Notre approche est r\u00e9solument op\u00e9rationnelle et p\u00e9dagogique. Vous souhaitez faire de votre r\u00e8glement int\u00e9rieur un outil efficace, auditer vos pratiques ou tout simplement \u00eatre accompagn\u00e9 au quotidien ?\" \/>\n<meta property=\"og:url\" content=\"https:\/\/skeliade.fr\/fr\/ressources-humaines\/\" \/>\n<meta property=\"og:site_name\" content=\"Sk\u00e9liade\" \/>\n<meta property=\"article:modified_time\" content=\"2021-08-03T13:09:24+00:00\" \/>\n<meta property=\"og:image\" content=\"https:\/\/skeliade.fr\/wp-content\/uploads\/2021\/07\/Ressource-Humaine.jpg\" \/>\n<meta name=\"twitter:card\" content=\"summary_large_image\" \/>\n<meta name=\"twitter:label1\" content=\"Dur\u00e9e de lecture estim\u00e9e\" \/>\n\t<meta name=\"twitter:data1\" content=\"3 minutes\" \/>\n<script type=\"application\/ld+json\" class=\"yoast-schema-graph\">{\"@context\":\"https:\/\/schema.org\",\"@graph\":[{\"@type\":\"WebPage\",\"@id\":\"https:\/\/skeliade.fr\/fr\/ressources-humaines\/\",\"url\":\"https:\/\/skeliade.fr\/fr\/ressources-humaines\/\",\"name\":\"Gestion des Ressources Humaines &#8226; Sk\u00e9liade\",\"isPartOf\":{\"@id\":\"\/#website\"},\"primaryImageOfPage\":{\"@id\":\"https:\/\/skeliade.fr\/fr\/ressources-humaines\/#primaryimage\"},\"image\":{\"@id\":\"https:\/\/skeliade.fr\/fr\/ressources-humaines\/#primaryimage\"},\"thumbnailUrl\":\"https:\/\/skeliade.fr\/wp-content\/uploads\/2021\/07\/Ressource-Humaine.jpg\",\"datePublished\":\"2021-07-22T17:09:38+00:00\",\"dateModified\":\"2021-08-03T13:09:24+00:00\",\"description\":\"Nous nous engageons \u00e0 vos c\u00f4t\u00e9s pour booster vos pratiques R.H. Notre approche est r\u00e9solument op\u00e9rationnelle et p\u00e9dagogique. Vous souhaitez faire de votre r\u00e8glement int\u00e9rieur un outil efficace, auditer vos pratiques ou tout simplement \u00eatre accompagn\u00e9 au quotidien ?\",\"breadcrumb\":{\"@id\":\"https:\/\/skeliade.fr\/fr\/ressources-humaines\/#breadcrumb\"},\"inLanguage\":\"fr-FR\",\"potentialAction\":[{\"@type\":\"ReadAction\",\"target\":[\"https:\/\/skeliade.fr\/fr\/ressources-humaines\/\"]}]},{\"@type\":\"ImageObject\",\"inLanguage\":\"fr-FR\",\"@id\":\"https:\/\/skeliade.fr\/fr\/ressources-humaines\/#primaryimage\",\"url\":\"https:\/\/skeliade.fr\/wp-content\/uploads\/2021\/07\/Ressource-Humaine.jpg\",\"contentUrl\":\"https:\/\/skeliade.fr\/wp-content\/uploads\/2021\/07\/Ressource-Humaine.jpg\"},{\"@type\":\"BreadcrumbList\",\"@id\":\"https:\/\/skeliade.fr\/fr\/ressources-humaines\/#breadcrumb\",\"itemListElement\":[{\"@type\":\"ListItem\",\"position\":1,\"name\":\"Home\",\"item\":\"https:\/\/skeliade.fr\/fr\/\"},{\"@type\":\"ListItem\",\"position\":2,\"name\":\"Ressources Humaines\"}]},{\"@type\":\"WebSite\",\"@id\":\"\/#website\",\"url\":\"\/\",\"name\":\"Sk\u00e9liade\",\"description\":\"Gestion externalis\u00e9e de la paie et du personnel\",\"publisher\":{\"@id\":\"\/#organization\"},\"potentialAction\":[{\"@type\":\"SearchAction\",\"target\":{\"@type\":\"EntryPoint\",\"urlTemplate\":\"\/?s={search_term_string}\"},\"query-input\":{\"@type\":\"PropertyValueSpecification\",\"valueRequired\":true,\"valueName\":\"search_term_string\"}}],\"inLanguage\":\"fr-FR\"},{\"@type\":\"Organization\",\"@id\":\"\/#organization\",\"name\":\"Sk\u00e9liade\",\"url\":\"\/\",\"logo\":{\"@type\":\"ImageObject\",\"inLanguage\":\"fr-FR\",\"@id\":\"\/#\/schema\/logo\/image\/\",\"url\":\"https:\/\/skeliade.fr\/wp-content\/uploads\/2021\/03\/SKELIADE_Logo.png\",\"contentUrl\":\"https:\/\/skeliade.fr\/wp-content\/uploads\/2021\/03\/SKELIADE_Logo.png\",\"width\":500,\"height\":156,\"caption\":\"Sk\u00e9liade\"},\"image\":{\"@id\":\"\/#\/schema\/logo\/image\/\"},\"sameAs\":[\"https:\/\/fr.linkedin.com\/company\/skeliade\"]}]}<\/script>\n<!-- \/ Yoast SEO Premium plugin. -->","yoast_head_json":{"title":"Gestion des Ressources Humaines &#8226; Sk\u00e9liade","description":"Nous nous engageons \u00e0 vos c\u00f4t\u00e9s pour booster vos pratiques R.H. Notre approche est r\u00e9solument op\u00e9rationnelle et p\u00e9dagogique. Vous souhaitez faire de votre r\u00e8glement int\u00e9rieur un outil efficace, auditer vos pratiques ou tout simplement \u00eatre accompagn\u00e9 au quotidien ?","robots":{"index":"index","follow":"follow","max-snippet":"max-snippet:-1","max-image-preview":"max-image-preview:large","max-video-preview":"max-video-preview:-1"},"canonical":"https:\/\/skeliade.fr\/fr\/ressources-humaines\/","og_locale":"fr_FR","og_type":"article","og_title":"Ressources Humaines","og_description":"Nous nous engageons \u00e0 vos c\u00f4t\u00e9s pour booster vos pratiques R.H. Notre approche est r\u00e9solument op\u00e9rationnelle et p\u00e9dagogique. Vous souhaitez faire de votre r\u00e8glement int\u00e9rieur un outil efficace, auditer vos pratiques ou tout simplement \u00eatre accompagn\u00e9 au quotidien ?","og_url":"https:\/\/skeliade.fr\/fr\/ressources-humaines\/","og_site_name":"Sk\u00e9liade","article_modified_time":"2021-08-03T13:09:24+00:00","og_image":[{"url":"https:\/\/skeliade.fr\/wp-content\/uploads\/2021\/07\/Ressource-Humaine.jpg"}],"twitter_card":"summary_large_image","twitter_misc":{"Dur\u00e9e de lecture estim\u00e9e":"3 minutes"},"schema":{"@context":"https:\/\/schema.org","@graph":[{"@type":"WebPage","@id":"https:\/\/skeliade.fr\/fr\/ressources-humaines\/","url":"https:\/\/skeliade.fr\/fr\/ressources-humaines\/","name":"Gestion des Ressources Humaines &#8226; Sk\u00e9liade","isPartOf":{"@id":"\/#website"},"primaryImageOfPage":{"@id":"https:\/\/skeliade.fr\/fr\/ressources-humaines\/#primaryimage"},"image":{"@id":"https:\/\/skeliade.fr\/fr\/ressources-humaines\/#primaryimage"},"thumbnailUrl":"https:\/\/skeliade.fr\/wp-content\/uploads\/2021\/07\/Ressource-Humaine.jpg","datePublished":"2021-07-22T17:09:38+00:00","dateModified":"2021-08-03T13:09:24+00:00","description":"Nous nous engageons \u00e0 vos c\u00f4t\u00e9s pour booster vos pratiques R.H. Notre approche est r\u00e9solument op\u00e9rationnelle et p\u00e9dagogique. Vous souhaitez faire de votre r\u00e8glement int\u00e9rieur un outil efficace, auditer vos pratiques ou tout simplement \u00eatre accompagn\u00e9 au quotidien ?","breadcrumb":{"@id":"https:\/\/skeliade.fr\/fr\/ressources-humaines\/#breadcrumb"},"inLanguage":"fr-FR","potentialAction":[{"@type":"ReadAction","target":["https:\/\/skeliade.fr\/fr\/ressources-humaines\/"]}]},{"@type":"ImageObject","inLanguage":"fr-FR","@id":"https:\/\/skeliade.fr\/fr\/ressources-humaines\/#primaryimage","url":"https:\/\/skeliade.fr\/wp-content\/uploads\/2021\/07\/Ressource-Humaine.jpg","contentUrl":"https:\/\/skeliade.fr\/wp-content\/uploads\/2021\/07\/Ressource-Humaine.jpg"},{"@type":"BreadcrumbList","@id":"https:\/\/skeliade.fr\/fr\/ressources-humaines\/#breadcrumb","itemListElement":[{"@type":"ListItem","position":1,"name":"Home","item":"https:\/\/skeliade.fr\/fr\/"},{"@type":"ListItem","position":2,"name":"Ressources Humaines"}]},{"@type":"WebSite","@id":"\/#website","url":"\/","name":"Sk\u00e9liade","description":"Gestion externalis\u00e9e de la paie et du personnel","publisher":{"@id":"\/#organization"},"potentialAction":[{"@type":"SearchAction","target":{"@type":"EntryPoint","urlTemplate":"\/?s={search_term_string}"},"query-input":{"@type":"PropertyValueSpecification","valueRequired":true,"valueName":"search_term_string"}}],"inLanguage":"fr-FR"},{"@type":"Organization","@id":"\/#organization","name":"Sk\u00e9liade","url":"\/","logo":{"@type":"ImageObject","inLanguage":"fr-FR","@id":"\/#\/schema\/logo\/image\/","url":"https:\/\/skeliade.fr\/wp-content\/uploads\/2021\/03\/SKELIADE_Logo.png","contentUrl":"https:\/\/skeliade.fr\/wp-content\/uploads\/2021\/03\/SKELIADE_Logo.png","width":500,"height":156,"caption":"Sk\u00e9liade"},"image":{"@id":"\/#\/schema\/logo\/image\/"},"sameAs":["https:\/\/fr.linkedin.com\/company\/skeliade"]}]}},"_links":{"self":[{"href":"https:\/\/skeliade.fr\/fr\/wp-json\/wp\/v2\/pages\/1772"}],"collection":[{"href":"https:\/\/skeliade.fr\/fr\/wp-json\/wp\/v2\/pages"}],"about":[{"href":"https:\/\/skeliade.fr\/fr\/wp-json\/wp\/v2\/types\/page"}],"author":[{"embeddable":true,"href":"https:\/\/skeliade.fr\/fr\/wp-json\/wp\/v2\/users\/1"}],"replies":[{"embeddable":true,"href":"https:\/\/skeliade.fr\/fr\/wp-json\/wp\/v2\/comments?post=1772"}],"version-history":[{"count":69,"href":"https:\/\/skeliade.fr\/fr\/wp-json\/wp\/v2\/pages\/1772\/revisions"}],"predecessor-version":[{"id":2168,"href":"https:\/\/skeliade.fr\/fr\/wp-json\/wp\/v2\/pages\/1772\/revisions\/2168"}],"wp:attachment":[{"href":"https:\/\/skeliade.fr\/fr\/wp-json\/wp\/v2\/media?parent=1772"}],"curies":[{"name":"wp","href":"https:\/\/api.w.org\/{rel}","templated":true}]}}